{"id":2466,"date":"2020-02-23T13:00:42","date_gmt":"2020-02-23T12:00:42","guid":{"rendered":"http:\/\/arhi5ra.com\/?page_id=2466"},"modified":"2021-02-09T19:00:17","modified_gmt":"2021-02-09T18:00:17","slug":"kontakt-2","status":"publish","type":"page","link":"http:\/\/arhi5ra.com\/?page_id=2466","title":{"rendered":"KONTAKT"},"content":{"rendered":"\n<div class=\"wp-block-columns is-layout-flex wp-container-core-columns-is-layout-9d6595d7 wp-block-columns-is-layout-flex\">\n<div class=\"wp-block-column is-layout-flow wp-block-column-is-layout-flow\" style=\"flex-basis:25%\">\n<figure class=\"wp-block-image size-large\"><img loading=\"lazy\" decoding=\"async\" width=\"687\" height=\"1030\" src=\"http:\/\/arhi5ra.com\/wp-content\/uploads\/2018\/08\/DSCF5208-Edit-687x1030.jpg\" alt=\"\" class=\"wp-image-2332\" srcset=\"http:\/\/arhi5ra.com\/wp-content\/uploads\/2018\/08\/DSCF5208-Edit-687x1030.jpg 687w, http:\/\/arhi5ra.com\/wp-content\/uploads\/2018\/08\/DSCF5208-Edit-200x300.jpg 200w, http:\/\/arhi5ra.com\/wp-content\/uploads\/2018\/08\/DSCF5208-Edit-768x1152.jpg 768w, http:\/\/arhi5ra.com\/wp-content\/uploads\/2018\/08\/DSCF5208-Edit-1000x1500.jpg 1000w, http:\/\/arhi5ra.com\/wp-content\/uploads\/2018\/08\/DSCF5208-Edit-470x705.jpg 470w, http:\/\/arhi5ra.com\/wp-content\/uploads\/2018\/08\/DSCF5208-Edit-450x675.jpg 450w, http:\/\/arhi5ra.com\/wp-content\/uploads\/2018\/08\/DSCF5208-Edit.jpg 1280w\" sizes=\"auto, (max-width: 687px) 100vw, 687px\" \/><\/figure>\n\n\n\n<h3 class=\"wp-block-heading\">Petra Ore\u010d<\/h3>\n\n\n\n<p>Ovla\u0161tena arhitektica\n\n<\/p>\n<\/div>\n\n\n\n<div class=\"wp-block-column is-layout-flow wp-block-column-is-layout-flow\" style=\"flex-basis:50%\">\n<hr class=\"wp-block-separator is-style-dots\"\/>\n\n\n\n<p>Petra Ore\u010d, osniva\u010d i vlasnik, ovla\u0161tena je arhitektica i \u010dlanica u Hrvatskoj komori arhitekata pod br.upisa&nbsp;&nbsp;<strong>A2767<\/strong>&nbsp;od 15.11.2001. U dosada\u0161njoj karijeri stekla je veliko iskustvo, referentne projekte, te stru\u010dnost koje omogu\u0107avaju prepoznavanje potreba potencijalnih klijenata.<\/p>\n\n\n\n<h3 class=\"wp-block-heading\">Referentna lista<\/h3>\n\n\n\n<p>Neki od dosada\u0161njih projekata na podru\u010dju projektiranja poslovnih, trgova\u010dkih, vi\u0161estambenih, stambenih, javnih, sportskih i infrastrukturalnih gra\u0111evina, te osvojene nagrade na javnim arhitektonskim natje\u010dajima za idejna rje\u0161enja:<br>1. nagrada VI\u0160ENAMJENSKI OBJEKT U ULICI HRVATSKE REPUBLIKE br. 29 U OSIJEKU,<br>1. nagrada STAMBENA GRA\u0110EVINA POS-A U VINKOVCIMA,<br>1. nagrada STAMBENA GRA\u0110EVINA POS-A U ZELINI,<br>2. nagrada URBANISTI\u010cKOG RJE\u0160ENJA TRGA U JELSI<br>3. nagrada KULTURNI CENTAR U NOVOM MAROFU ,<br>3. nagrada GOSPODARSKA \u0160KOLA U \u010cAKOVCU,<br>3. nagrada STAMBENA GRA\u0110EVINA POS-A U \u0160panskom ZAGREB,<br>3. nagrada STAMBENA GRA\u0110EVINA POS-A U IVANI\u0106 GRADU,<\/p>\n\n\n\n<hr class=\"wp-block-separator is-style-dots\"\/>\n<\/div>\n\n\n\n<div class=\"wp-block-column is-layout-flow wp-block-column-is-layout-flow\" style=\"flex-basis:25%\">\n<table style=\"height: 40px; width: 200px;\" border=\"0\" cellspacing=\"0\" cellpadding=\"0\">\n<tbody>\n<tr>\n<td style=\"width: 40px;\"><a href=\"http:\/\/www.houzz.com\/pro\/arhi5ra\/arhi5ra-petra-orec\"><img loading=\"lazy\" decoding=\"async\" style=\"border: 0;\" src=\"http:\/\/st.houzz.com\/simgs\/22837e710341aa1c_0-2317\/arhi5ra.jpg\" alt=\"\" width=\"40\" height=\"40\" border=\"0\"><\/a><\/td>\n<td style=\"padding-left: 5px;\"><a style=\"float: left; font-size: 12px;\" href=\"http:\/\/www.houzz.com\/pro\/arhi5ra\/arhi5ra-petra-orec\">ARHI5RA on Houzz<\/a><\/td>\n<\/tr>\n<\/tbody>\n<\/table>\n\n\n\n<div style=\"padding: 0; margin: 0; border: 0; margin-bottom: 3px;\">\n    <p><iframe id=\"HouzzWidget9912973\" style=\"border: 0 none; width: 200px; height: 175px;\" src=\"http:\/\/www.houzz.com\/jsGalleryWidget\/pro\/arhi5ra\/new_window=yes\/width=200\" name=\"HouzzWidget9912973\" frameborder=\"0\" scrolling=\"NO\" data-hzvt=\"MjAxNDA0MDY6MTg5Mzpwcm8=\"><\/iframe><\/p>\n    <style type=\"text\/css\"><!-- #hzfooter7260678{overflow:hidden !important;transition:height 0.8s ease 0.5s;-webkit-transition:height 0.8s ease 0.5s;} #hzfooter7260678:hover{overflow-y:auto !important;height:68px!important;} --><\/style>\n    <div id=\"hzfooter7260678\" style=\"font-family: Helvetica,arial,sans-serif; height: 34px; line-height: 17px; position: relative; overflow: auto;\">\n    <div style=\"width: 200px; position: absolute; left: 15px;\">\n    <p><a href=\"http:\/\/www.houzz.com\/professionals\/general-contractor#\">General contractors<\/a>, <a href=\"http:\/\/www.houzz.com\/professionals\/home-builders#\">home builders<\/a>, and more \u2228<\/p>\n    <p><a href=\"http:\/\/www.houzz.com\/professionals#\">Home improvement<\/a> can start with something as minor as installing <a href=\"http:\/\/www.houzz.com\/pendant-track-lighting\">track lighting<\/a> or <a href=\"http:\/\/www.houzz.com\/photos\/ceiling-fans\">ceiling fans<\/a>.<br>From <a href=\"http:\/\/www.houzz.com\/photos\/wallpaper\">wallpapers<\/a> to <a href=\"http:\/\/www.houzz.com\/photos\/stencils\">wall stencils<\/a>, <a href=\"http:\/\/www.houzz.com\/photos\/upholstery-fabric\">fabrics<\/a> to <a href=\"http:\/\/www.houzz.com\/room-dividers\">room dividers<\/a>, design doesn&#8217;t stop at <a href=\"http:\/\/www.houzz.com\/professionals\/general-contractor#\">construction<\/a>.<\/p>\n    <\/div>\n    <\/div>\n    <\/div>\n\n\n\n<iframe loading=\"lazy\" src=\"https:\/\/www.google.com\/maps\/embed?pb=!1m18!1m12!1m3!1d695.2960652445549!2d15.9954032292676!3d45.807568033538566!2m3!1f0!2f0!3f0!3m2!1i1024!2i768!4f13.1!3m3!1m2!1s0x4765d72611a14ca3%3A0xab4340883d5939b9!2sARHI5RA%20arhitektonski%20ured!5e0!3m2!1shr!2shr!4v1582475319997!5m2!1shr!2shr\" width=\"200\" height=\"200\" frameborder=\"0\" style=\"border:0;\" allowfullscreen=\"\"><\/iframe>\n<\/div>\n<\/div>\n\n\n\n<hr class=\"wp-block-separator\"\/>\n\n\n\n<h4 class=\"wp-block-heading\">ARHI5RA d.o.o.<\/h4>\n\n\n\n<p>Kneza Ljudevita Posavskog 30, HR-10000 Zagreb<br>ARHI5RA Ured &#8211; Crvenog kri\u017ea 33 (<a href=\"https:\/\/goo.gl\/maps\/4Nxt3FqCKJMxMpCg9\">Google maps<\/a>)<br>tel +385 (91) 505-7912<br>mail\u00a0<a href=\"mailto:petra@arhi5ra.com\">petra@arhi5ra.com<\/a><\/p>\n\n\n\n<p style=\"font-size:10px\">Nadle\u017eni sud Trgova\u010dki sud u Zagrebu | MBS 080886712 | OIB 24794918440\u00a0|\u00a0Temeljni kapital 20.000,00 kuna upla\u0107en u cijelosti |<br>IBAN HR6324020061101002147 Erste&amp;Steierm\u00e4rkische Bank d.d.  |\u00a0Direktor Petra Ore\u010d, zastupa dru\u0161tvo pojedina\u010dno i samostalno.<\/p>\n\n\n\n<hr class=\"wp-block-separator\"\/>\n","protected":false},"excerpt":{"rendered":"<p>Petra Ore\u010d Ovla\u0161tena arhitektica Petra Ore\u010d, osniva\u010d i vlasnik, ovla\u0161tena je arhitektica i \u010dlanica u Hrvatskoj komori arhitekata pod br.upisa&nbsp;&nbsp;A2767&nbsp;od 15.11.2001. U dosada\u0161njoj karijeri stekla je veliko iskustvo, referentne projekte, te stru\u010dnost koje omogu\u0107avaju prepoznavanje potreba potencijalnih klijenata. Referentna lista Neki od dosada\u0161njih projekata na podru\u010dju projektiranja poslovnih, trgova\u010dkih, vi\u0161estambenih, stambenih, javnih, sportskih i infrastrukturalnih [&hellip;]<\/p>\n","protected":false},"author":1,"featured_media":0,"parent":0,"menu_order":0,"comment_status":"closed","ping_status":"closed","template":"","meta":{"footnotes":""},"class_list":["post-2466","page","type-page","status-publish","hentry"],"_links":{"self":[{"href":"http:\/\/arhi5ra.com\/index.php?rest_route=\/wp\/v2\/pages\/2466","targetHints":{"allow":["GET"]}}],"collection":[{"href":"http:\/\/arhi5ra.com\/index.php?rest_route=\/wp\/v2\/pages"}],"about":[{"href":"http:\/\/arhi5ra.com\/index.php?rest_route=\/wp\/v2\/types\/page"}],"author":[{"embeddable":true,"href":"http:\/\/arhi5ra.com\/index.php?rest_route=\/wp\/v2\/users\/1"}],"replies":[{"embeddable":true,"href":"http:\/\/arhi5ra.com\/index.php?rest_route=%2Fwp%2Fv2%2Fcomments&post=2466"}],"version-history":[{"count":21,"href":"http:\/\/arhi5ra.com\/index.php?rest_route=\/wp\/v2\/pages\/2466\/revisions"}],"predecessor-version":[{"id":2511,"href":"http:\/\/arhi5ra.com\/index.php?rest_route=\/wp\/v2\/pages\/2466\/revisions\/2511"}],"wp:attachment":[{"href":"http:\/\/arhi5ra.com\/index.php?rest_route=%2Fwp%2Fv2%2Fmedia&parent=2466"}],"curies":[{"name":"wp","href":"https:\/\/api.w.org\/{rel}","templated":true}]}}